{"id":141,"date":"2025-11-11T13:33:23","date_gmt":"2025-11-11T16:33:23","guid":{"rendered":"https:\/\/toledo.ufpr.br\/enfermagemtoledo\/?page_id=141"},"modified":"2026-01-06T15:10:38","modified_gmt":"2026-01-06T18:10:38","slug":"sobre-o-curso","status":"publish","type":"page","link":"https:\/\/toledo.ufpr.br\/enfermagemtoledo\/sobre-o-curso\/","title":{"rendered":"Sobre o curso"},"content":{"rendered":"\n<p>O curso de gradua\u00e7\u00e3o em Enfermagem, bacharelado <strong>\u00e9 matutino<\/strong>, com dura\u00e7\u00e3o de 5 anos, totalizando 4.118 horas.<\/p>\n\n\n\n<p>O per\u00edodo para finalizar o curso \u00e9 de no m\u00ednimo de 10 (dez) e m\u00e1ximo de 15 (quinze) semestres letivos.<\/p>\n\n\n\n<p>Ser\u00e3o ofertadas 60 vagas anualmente, com entradas de 30 alunos a cada semestre letivo. Os alunos ser\u00e3o selecionados no <strong><a href=\"https:\/\/servicos.nc.ufpr.br\/PortalNC\/Home\" data-type=\"link\" data-id=\"https:\/\/servicos.nc.ufpr.br\/PortalNC\/Home\" target=\"_blank\" rel=\"noreferrer noopener\">vestibular <\/a><\/strong>UFPR.<\/p>\n\n\n\n<p>Conta com um&nbsp;<strong>Curr\u00edculo Integrado<\/strong>, enfocando o&nbsp;<strong>aprendizado na comunidade<\/strong>&nbsp;(aprender fazendo), utiliza&nbsp;<strong>metodologias ativas de ensino-aprendizagem<\/strong>&nbsp;(centradas nas necessidades dos estudantes como sujeito da aprendizagem e no professor como facilitador do processo), tendo como&nbsp;<strong>metodologia predominante a Aprendizagem Baseada em Equipes<\/strong>&nbsp;\u2013 ABE (do ingl\u00eas TBL \u2013&nbsp;<em>Team Based Learning<\/em>).<\/p>\n\n\n\n<p>A <strong>matriz curricular<\/strong>&nbsp;\u00e9 integrada em m\u00f3dulos de ensino e estrutura-se em dois Ciclos:<\/p>\n\n\n\n<p>Ciclo Educacional&nbsp;(do 1\u00ba ao 8\u00ba per\u00edodo).<\/p>\n\n\n\n<p>Ciclo de Est\u00e1gios&nbsp;(do 9\u00ba ao 10\u00ba per\u00edodos, compreendendo os est\u00e1gios na Aten\u00e7\u00e3o Prim\u00e1ria, Secund\u00e1ria e Terci\u00e1ria, ou seja, Unidades B\u00e1sicas de Sa\u00fade, Hospital, Centro de Aten\u00e7\u00e3o Psicossocial e entre outros ambientes).<\/p>\n\n\n\n<p>Al\u00e9m da carga hor\u00e1ria obrigat\u00f3ria a ser cumprida, o aluno poder\u00e1 implementar seus conhecimentos em diversas <strong>atividades formativas<\/strong>&nbsp;como: <strong>Monitoria, Voluntariado Acad\u00eamico, Projetos de Pesquisa e Extens\u00e3o.<\/strong><strong><\/strong><\/p>\n\n\n\n<p><strong>Eixos norteadores do Curr\u00edculo<\/strong>:<\/p>\n\n\n\n<p>Eixo I &#8211; \u00c9tico, human\u00edstico e pol\u00edtico<\/p>\n\n\n\n<p>Eixo II \u2013 Integra\u00e7\u00e3o com a comunidade<\/p>\n\n\n\n<p>Eixo III \u2013 Concep\u00e7\u00e3o ampliada do processo sa\u00fade e doen\u00e7a<\/p>\n\n\n\n<p>Eixo IV \u2013 Dimens\u00f5es de Enfermagem: cuidado integral nos ciclos de vida, gest\u00e3o lideran\u00e7a e pol\u00edtica, pesquisa e educa\u00e7\u00e3o.<\/p>\n\n\n\n<hr class=\"wp-block-separator has-alpha-channel-opacity\"\/>\n\n\n\n<p class=\"has-text-align-right\">Atualizado em 12\/11\/2025<\/p>\n","protected":false},"excerpt":{"rendered":"<p>O curso de gradua\u00e7\u00e3o em Enfermagem, bacharelado \u00e9 matutino, com dura\u00e7\u00e3o de 5 anos, totalizando [&hellip;]<\/p>\n","protected":false},"author":2796,"featured_media":0,"parent":0,"menu_order":0,"comment_status":"closed","ping_status":"closed","template":"","meta":{"ngg_post_thumbnail":0,"footnotes":""},"class_list":["post-141","page","type-page","status-publish","hentry"],"_links":{"self":[{"href":"https:\/\/toledo.ufpr.br\/enfermagemtoledo\/wp-json\/wp\/v2\/pages\/141","targetHints":{"allow":["GET"]}}],"collection":[{"href":"https:\/\/toledo.ufpr.br\/enfermagemtoledo\/wp-json\/wp\/v2\/pages"}],"about":[{"href":"https:\/\/toledo.ufpr.br\/enfermagemtoledo\/wp-json\/wp\/v2\/types\/page"}],"author":[{"embeddable":true,"href":"https:\/\/toledo.ufpr.br\/enfermagemtoledo\/wp-json\/wp\/v2\/users\/2796"}],"replies":[{"embeddable":true,"href":"https:\/\/toledo.ufpr.br\/enfermagemtoledo\/wp-json\/wp\/v2\/comments?post=141"}],"version-history":[{"count":6,"href":"https:\/\/toledo.ufpr.br\/enfermagemtoledo\/wp-json\/wp\/v2\/pages\/141\/revisions"}],"predecessor-version":[{"id":966,"href":"https:\/\/toledo.ufpr.br\/enfermagemtoledo\/wp-json\/wp\/v2\/pages\/141\/revisions\/966"}],"wp:attachment":[{"href":"https:\/\/toledo.ufpr.br\/enfermagemtoledo\/wp-json\/wp\/v2\/media?parent=141"}],"curies":[{"name":"wp","href":"https:\/\/api.w.org\/{rel}","templated":true}]}}