{"id":55,"date":"2025-06-18T15:34:46","date_gmt":"2025-06-18T18:34:46","guid":{"rendered":"https:\/\/toledo.ufpr.br\/bioteriotoledo\/?page_id=55"},"modified":"2025-06-18T15:34:46","modified_gmt":"2025-06-18T18:34:46","slug":"resumos-publicados","status":"publish","type":"page","link":"https:\/\/toledo.ufpr.br\/bioteriotoledo\/resumos-publicados\/","title":{"rendered":"Resumos Publicados"},"content":{"rendered":"\n<p><strong>RESUMOS PUBLICADOS EM ANAIS DE CONGRESSOS<\/strong><\/p>\n\n\n\n<p>1. SCOZ, M. ; NARDES, M. ; SOUZA, B. T. ; SILVA, A. P. M. ; SANTI, L. ; MARAFON, L. P. ; KIGUTI, E. ; VETTORAZZI, J. F. ; <strong>CONFORTIM, H. D.<\/strong> . EXERC\u00cdCIO ANAER\u00d3BICO E ESTRESSE GESTACIONAL N\u00c3O ALTERAM O COMPORTAMENTO MATERNO DE RATAS WISTAR. In: XLVII Reuni\u00e3o Anual da Sociedade Brasileira de Neuroci\u00eancias e Comportamento- SBNeC, 2024, \u00c1guas de Lind\u00f3ia &#8211; SP. Anais da XLVII Reuni\u00e3o Anual da Sociedade Brasileira de Neuroci\u00eancias e Comportamento- SBNeC, 2024.<\/p>\n\n\n\n<p>2. SOUZA, B. T. ; MARAFON, L. P. ; SCOZ, M. ; SILVA, A. P. M. ; SANTI, L. ; NARDES, M. ; KIGUTI, E. ; VETORAZZI, J. F. ; <strong>CONFORTIM, H. D.<\/strong> . EXERC\u00cdCIO ANAER\u00d3BICO MATERNO ATENUA ATRASO NOS MARCOS DO DESENVOLVIMENTO NEUROMOTOR EM FILHOTES EXPOSTOS AO ESTRESSE GESTACIONAL. In: XLVII Reuni\u00e3o Anual da Sociedade Brasileira de Neuroci\u00eancias e Comportamento- SBNeC, 2024, \u00c1guas de Lind\u00f3ia &#8211; SP. Anais da XLVII Reuni\u00e3o Anual da Sociedade Brasileira de Neuroci\u00eancias e Comportamento- SBNeC, 2024.<\/p>\n\n\n\n<p>3. SANTI, L. ; SILVA, A. P. M. ; NARDES, M. ; SOUZA, B. T. ; SCOZ, M. ; KIGUTI, E. ; MARAFON, L. P. ; VETORAZZI, J. F. ; <strong>CONFORTIM, H. D.<\/strong> . EXERC\u00cdCIO ANAER\u00d3BICO MATERNO N\u00c3O CAUSA ALTERA\u00c7\u00d5ES NA MEM\u00d3RIA DE RATOS EXPOSTOS AO ESTRESSE GESTACIONAL. In: XLVII Reuni\u00e3o Anual da Sociedade Brasileira de Neuroci\u00eancias e Comportamento- SBNeC, 2024, \u00c1guas de Lind\u00f3ia &#8211; SP. Anais da XLVII Reuni\u00e3o Anual da Sociedade Brasileira de Neuroci\u00eancias e Comportamento- SBNeC, 2024.<\/p>\n\n\n\n<p>4. NARDES, M. ; SOUZA, B. T. ; SANTI, L. ; SCOZ, M. ; SILVA, A. P. M. ; KIGUTI, E. ; MARAFON, L. P. ; VETORAZZI, J. ; <strong>CONFORTIM, H. D.<\/strong> . EXERC\u00cdCIO ANAER\u00d3BICO MATERNO N\u00c3O CAUSA ALTERA\u00c7\u00d5ES NA ATIVIDADE LOCOMOTORA DE RATOS EXPOSTOS AO ESTRESSE DURANTE O PER\u00cdODO GESTACIONAL. In: XLVII Reuni\u00e3o Anual da Sociedade Brasileira de Neuroci\u00eancias e Comportamento- SBNeC, 2024, \u00c1guas de Lind\u00f3ia &#8211; SP. Anais da XLVII Reuni\u00e3o Anual da Sociedade Brasileira de Neuroci\u00eancias e Comportamento- SBNeC, 2024.<\/p>\n\n\n\n<p>5. SILVA, A. P. M. ; SANTI, L. ; SCOZ, M. ; NARDES, M. ; SOUZA, B. T. ; KIGUTI, E. ; MARAFON, L. P. ; VETTORAZZI, J. F. ; <strong>CONFORTIM, H. D.<\/strong> . EXERC\u00cdCIO ANAER\u00d3BICO MATERNO REDUZ HIPERATIVIDADE E COMPORTAMENTO DE RISCO EM FILHOTES EXPOSTOS AO ESTRESSE GESTACIONAL. In: XLVII Reuni\u00e3o Anual da Sociedade Brasileira de Neuroci\u00eancias e Comportamento- SBNeC, 2024, \u00c1guas de Lind\u00f3ia &#8211; SP. Anais da XLVII Reuni\u00e3o Anual da Sociedade Brasileira de Neuroci\u00eancias e Comportamento- SBNeC, 2024.<\/p>\n\n\n\n<p>6. <strong><a href=\"https:\/\/buscatextual.cnpq.br\/buscatextual\/visualizacv.do;jsessionid=266B3622D7241FC31DC65792F80EE5CF.buscatextual_0\" data-type=\"link\" data-id=\"https:\/\/buscatextual.cnpq.br\/buscatextual\/visualizacv.do;jsessionid=266B3622D7241FC31DC65792F80EE5CF.buscatextual_0\" target=\"_blank\" rel=\"noreferrer noopener\">CONFORTIM, H. D.<\/a><\/strong>; DIAS, C. M. ; SOARES, G. S. ; MESQUITA, G. ; FISCHBORN, M. L. ; SCHUTZ, A. C. Z. . EXPOSI\u00c7\u00c3O A DISPOSITIVO SEMELHANTE AO CIGARRO ELETR\u00d4NICO COM NICOTINA AUMENTA COMPORTAMENTO ANSIOG\u00caNICO EM RATOS WISTAR. In: XLVII Reuni\u00e3o Anual da Sociedade Brasileira de Neuroci\u00eancias e Comportamento- SBNeC, 2024, \u00c1guas de Lind\u00f3ia &#8211; SP. Anais da XLVII Reuni\u00e3o Anual da Sociedade Brasileira de Neuroci\u00eancias e Comportamento- SBNeC, 2024.<\/p>\n\n\n\n<p>7. SCOZ, M. ; <strong>CONFORTIM, H. D.<\/strong> . AVALIA\u00c7\u00c3O DOS EFEITOS DO EXERC\u00cdCIO F\u00cdSICO ANAER\u00d3BICO SOBRE O COMPORTAMENTO MATERNO AP\u00d3S STRESS GESTACIONAL. In: 15\u00aa SIEPE ? SEMANA INTEGRADA DE ENSINO, PESQUISA E EXTENS\u00c3O da Universidade Federal do Paran\u00e1 (31\u00aa EVINCI),, 2024, Toledo. Anais da 15\u00ba SIEPE, 2024.<\/p>\n\n\n\n<p>8. NARDES, M. ; <strong>CONFORTIM, H. D. <\/strong>. AVALIA\u00c7\u00c3O DOS EFEITOS DO EXERC\u00cdCIO F\u00cdSICO ANAER\u00d3BICO MATERNO SOBRE A ATIVIDADE LOCOMOTORA E COMPORTAMENTO TIPO ANSIOSO DE FILHOTES AP\u00d3S STRESS GESTACIONAL. In: 15\u00aa SIEPE ? SEMANA INTEGRADA DE ENSINO, PESQUISA E EXTENS\u00c3O da Universidade Federal do Paran\u00e1 (31\u00aa EVINCI),, 2024, Toledo. Anais da 15\u00ba SIEPE, 2024.<\/p>\n\n\n\n<p>9. MARAFON, L. P. ; <strong>CONFORTIM, H. D.<\/strong> . AVALIA\u00c7\u00c3O DOS EFEITOS DO EXERC\u00cdCIO F\u00cdSICO ANAER\u00d3BICO MATERNO SOBRE O CRESCIMENTO E DESENVOLVIMENTO DA PROLE AP\u00d3S STRESS GESTACIONAL. In: 15\u00aa SIEPE ? SEMANA INTEGRADA DE ENSINO, PESQUISA E EXTENS\u00c3O da Universidade Federal do Paran\u00e1 (31\u00aa EVINCI),, 2024, Toledo. Anais da 15\u00ba SIEPE, 2024.<\/p>\n\n\n\n<p>10. SILVA, A. P. M. ; <strong>CONFORTIM, H. D.<\/strong> . Avalia\u00e7\u00e3o dos efeitos do exerc\u00edcio f\u00edsico anaer\u00f3bico materno sobre o comportamento do tipo ansioso da prole ap\u00f3s stress gestacional. In: 15\u00aa SIEPE ? SEMANA INTEGRADA DE ENSINO, PESQUISA E EXTENS\u00c3O da Universidade Federal do Paran\u00e1 (31\u00aa EVINCI),, 2024, Toledo. Anais da 15\u00ba SIEPE, 2024.<\/p>\n\n\n\n<p>11. KIGUTI, E. ; <strong>CONFORTIM, H. D.<\/strong> . Avalia\u00e7\u00e3o dos efeitos do exerc\u00edcio f\u00edsico anaer\u00f3bico sobre a locomo\u00e7\u00e3o e comportamento tipo-ansioso em ratas ap\u00f3s per\u00edodo de stress imprevis\u00edvel durante a gesta\u00e7\u00e3o. In: 15\u00aa SIEPE ? SEMANA INTEGRADA DE ENSINO, PESQUISA E EXTENS\u00c3O da Universidade Federal do Paran\u00e1 (31\u00aa EVINCI),, 2024, Toledo. Anais da 15\u00ba SIEPE, 2024.<\/p>\n\n\n\n<p>12. <strong><a href=\"https:\/\/buscatextual.cnpq.br\/buscatextual\/visualizacv.do;jsessionid=266B3622D7241FC31DC65792F80EE5CF.buscatextual_0\" data-type=\"link\" data-id=\"https:\/\/buscatextual.cnpq.br\/buscatextual\/visualizacv.do;jsessionid=266B3622D7241FC31DC65792F80EE5CF.buscatextual_0\" target=\"_blank\" rel=\"noreferrer noopener\">CONFORTIM, H. D.<\/a><\/strong>. IMPACTO DA MONITORIA DE ANATOMIA NO PROCESSO DE ENSINO-APRENDIZAGEM DOS ESTUDANTES DE MEDICINA DA UFPR &#8211; CAMPUS TOLEDO. In: 15\u00aa SIEPE ? SEMANA INTEGRADA DE ENSINO, PESQUISA E EXTENS\u00c3O da Universidade Federal do Paran\u00e1 (31\u00aa EVINCI),, 2024, Toledo. Anais da 15\u00ba SIEPE, 2024.<\/p>\n\n\n\n<p>13. SANTI, L. ; <strong>CONFORTIM, H. D.<\/strong> . AVALIA\u00c7\u00c3O DOS EFEITOS DO EXERC\u00cdCIO F\u00cdSICO ANAER\u00d3BICO MATERNO SOBRE A MEM\u00d3RIA DE FILHOTES AP\u00d3S STRESS GESTACIONAL. In: 15\u00aa SIEPE ? SEMANA INTEGRADA DE ENSINO, PESQUISA E EXTENS\u00c3O da Universidade Federal do Paran\u00e1 (31\u00aa EVINCI),, 2024, Toledo. Anais da 15\u00ba SIEPE, 2024.<\/p>\n\n\n\n<p>14. VIEIRA, R. V. ; <strong>Teixeira, K. N.<\/strong> . ATIVIDADE CICATRIZANTE DA FRA\u00c7\u00c3O DE FLAVONOIDES DAS FOLHAS DO RUBIM EM FERIDAS CUT\u00c2NEAS EM MODELO MURINO. In: 14\u00aa SIEPE ? Semana Integrada de Ensino Pesquisa e Extens\u00e3o, 2023, Remoto. ANAIS 14\u00aa SIEPE ? volume 1: 30\u00ba EVINCI, 15\u00ba EINTI, 2023. v. 1. p. 26.<\/p>\n\n\n\n<p>15. COUTINHO, M. B. ; <strong>Teixeira, K. N.<\/strong> . ATIVIDADE ANTI-INFLAMAT\u00d3RIA LOCAL DA FRA\u00c7\u00c3O DE FLAVONOIDES DAS FOLHAS DO RUBIM EM FERIDAS CUT\u00c2NEAS CONFECCIONADAS EM RATOS. In: 14\u00aa SIEPE ? Semana Integrada de Ensino Pesquisa e Extens\u00e3o, 2023, Remoto. ANAIS 14\u00aa SIEPE ? volume 1: 30\u00ba EVINCI, 15\u00ba EINTI, 2023. v. 1. p. 32.<\/p>\n\n\n\n<p>16. PIOVEZANI, L. H. C. ; <strong>Teixeira, K. N. <\/strong>. DETERMINA\u00c7\u00c3O DA ATIVIDADE ANTINOCICEPTIVA DO EXTRATO PENICILINA VEGETAL (ALTERNANTHERA BRASILIANA KUNTZE) EM MODELO MURINO. In: 14\u00aa SIEPE ? Semana Integrada de Ensino Pesquisa e Extens\u00e3o, 2023, Remoto. ANAIS 14\u00aa SIEPE ? volume 1: 30\u00ba EVINCI, 15\u00ba EINTI, 2023. v. 1. p. 35.<\/p>\n\n\n\n<p>17. Lima, IN ; <strong>Zarpelon, A C . <\/strong>ESTUDO HISTOL\u00d3GICO DO PROCESSO DE CICATRIZA\u00c7\u00c3O DE FERIDAS TRATADAS COM MEMBRANA DE PLASMA RICO EM FIBRINA (PRF) EM MODELO ANIMAL.. In: Semana Integrada de Ensino, Pesquisa e Extens\u00e3o &#8211; 14a SIEPE 30o EVINCI, 15o EINTI, 21o EAF, 21o ENEC, 4o EDISPE, 2023, Palotina.Volume 1: EVINCI &#8211; EINTI. Curitiba: UFPR, 2023. v. 1.<\/p>\n\n\n\n<p>18. TAKAHASHI, P. A. ; <strong>BERNARDI-WENZEL, JULIANA<\/strong>. Avalia\u00e7\u00e3o do efeito cicatrizante de membranas eletrofiadas de nanoquitosana, nanocelulose e tanino em feridas de pele avaliado em modelo animal. In: 14\u00aa SIEPE, 2023, TOLEDO. ANAIS 14\u00aa SIEPE ? 30\u00ba EVINCI, 15\u00ba EINTI. Curitiba: Editora UFPR, 2023. v. 1. p. 1479-1479.<\/p>\n\n\n\n<p>19. SILVA, L. C. C. ; BERNARDI-WENZEL, JULIANA . Avalia\u00e7\u00e3o do efeito cicatrizante de membranas eletrofiadas de nanoquitosana e col\u00e1geno em feridas de pele. In: 14\u00aa SIEPE, 2023, TOLEDO. ANAIS 14\u00aa SIEPE ? 30\u00ba EVINCI, 15\u00ba EINTI. Curitiba: Editora UFPR, 2023. v. 1. p. 1480-1480.<\/p>\n\n\n\n<p>20. VOLPATO, G. R. ; <strong>BERNARDI-WENZEL, JULIANA<\/strong>. Curativos Biol\u00f3gicos de nanoquitosana para recupera\u00e7\u00e3o de feridas de pele em modelo animal. In: 14\u00aa SIEPE, 2023, TOLEDO. ANAIS 14\u00aa SIEPE ? 30\u00ba EVINCI, 15\u00ba EINTI. Curitiba: Editora UFPR, 2023. v. 1. p. 1481-1481.<\/p>\n\n\n\n<p>21. LUZ, J. S. ; <strong>Teixeira, K. N.<\/strong> . UTILIZA\u00c7\u00c3O DE EXTRATOS EXTRATOS DE PENICILINA VEGETAL (ALTERNANTHERA BRASILIANA KUNTZE) NA MELHORA DA SINTOMATOLOGIA DE DOEN\u00c7A INFLAMAT\u00d3RIA INTESTINAL (DII) EM MODELO MURINO. In: 14\u00aa SIEPE ? Semana Integrada de Ensino Pesquisa e Extens\u00e3o, 2023, Remoto. ANAIS 14\u00aa SIEPE ? volume 1: 30\u00ba EVINCI, 15\u00ba EINTI, 2023. v. 1. p. 1478.<\/p>\n\n\n\n<p>22. PALMA, I. T. R. G. ; <strong>Teixeira, K. N.<\/strong> . AVALIA\u00c7\u00c3O DA ATIVIDADE ANALG\u00c9SICA DA FRA\u00c7\u00c3O DE FLAVONOIDES DAS FOLHAS E RA\u00cdZES DO RUBIM EM MODELO ANIMAL. In: 14\u00aa SIEPE ? Semana Integrada de Ensino Pesquisa e Extens\u00e3o, 2023, Remoto. ANAIS 14\u00aa SIEPE ? volume 1: 30\u00ba EVINCI, 15\u00ba EINTI, 2023. v. 1. p. 1483.<\/p>\n\n\n\n<p>23. VIEIRA, R. V. ; ALENCAR, Q. H. O. ; SOUZA, L. P. ; PEITER, G. C. ; <strong>Teixeira, K. N.<\/strong> . Influ\u00eancia da utiliza\u00e7\u00e3o emp\u00edrica de extratos aquosos de Leonurus sibiricus no processo de cicatriza\u00e7\u00e3o de feridas cut\u00e2neas experimentais. In: Congresso Acervo+ 2022, 2022, Online. Anais de Evento do Congresso Acervo+ 2022, 2022. v. 16. p. 108-109.<\/p>\n\n\n\n<p>24. BELLOTTO, G. L. ; SILVA, E. F. G. ; MACHADO, M. O. ; COUTINHO, M. B. ; LUIZ, R. M. ; <strong>Teixeira, K. N.<\/strong> . Avalia\u00e7\u00e3o da atividade de componentes hidrof\u00edlicos do extrato de folhas de L. sibiricus na resolu\u00e7\u00e3o de feridas cut\u00e2neas experimentais em ratos Wistar. In: Congresso Acervo+ 2022 | Eixo Sa\u00fade, 2022, Online. Anais do Congresso Acervo+ 2022 | Eixo Sa\u00fade, 2022. v. 16. p. 104-105.<\/p>\n","protected":false},"excerpt":{"rendered":"<p>RESUMOS PUBLICADOS EM ANAIS DE CONGRESSOS 1. SCOZ, M. ; NARDES, M. ; SOUZA, B. [&hellip;]<\/p>\n","protected":false},"author":2796,"featured_media":0,"parent":0,"menu_order":0,"comment_status":"closed","ping_status":"closed","template":"","meta":{"ngg_post_thumbnail":0,"footnotes":""},"class_list":["post-55","page","type-page","status-publish","hentry"],"_links":{"self":[{"href":"https:\/\/toledo.ufpr.br\/bioteriotoledo\/wp-json\/wp\/v2\/pages\/55","targetHints":{"allow":["GET"]}}],"collection":[{"href":"https:\/\/toledo.ufpr.br\/bioteriotoledo\/wp-json\/wp\/v2\/pages"}],"about":[{"href":"https:\/\/toledo.ufpr.br\/bioteriotoledo\/wp-json\/wp\/v2\/types\/page"}],"author":[{"embeddable":true,"href":"https:\/\/toledo.ufpr.br\/bioteriotoledo\/wp-json\/wp\/v2\/users\/2796"}],"replies":[{"embeddable":true,"href":"https:\/\/toledo.ufpr.br\/bioteriotoledo\/wp-json\/wp\/v2\/comments?post=55"}],"version-history":[{"count":1,"href":"https:\/\/toledo.ufpr.br\/bioteriotoledo\/wp-json\/wp\/v2\/pages\/55\/revisions"}],"predecessor-version":[{"id":57,"href":"https:\/\/toledo.ufpr.br\/bioteriotoledo\/wp-json\/wp\/v2\/pages\/55\/revisions\/57"}],"wp:attachment":[{"href":"https:\/\/toledo.ufpr.br\/bioteriotoledo\/wp-json\/wp\/v2\/media?parent=55"}],"curies":[{"name":"wp","href":"https:\/\/api.w.org\/{rel}","templated":true}]}}