{"id":50,"date":"2025-06-18T15:33:09","date_gmt":"2025-06-18T18:33:09","guid":{"rendered":"https:\/\/toledo.ufpr.br\/bioteriotoledo\/?page_id=50"},"modified":"2026-01-29T14:35:16","modified_gmt":"2026-01-29T17:35:16","slug":"projetos","status":"publish","type":"page","link":"https:\/\/toledo.ufpr.br\/bioteriotoledo\/projetos\/","title":{"rendered":"Projetos"},"content":{"rendered":"\n<p><strong>1<\/strong>. Estudo do potencial anti-inflamat\u00f3rio e da cicatriza\u00e7\u00e3o do extrato aquoso de Leonurus sibiricus L. em modelo animal. CEUA\/Palotina 34\/2020, 01\/12\/2020.<\/p>\n\n\n\n<p><strong>2<\/strong>. Desenvolvimento de curativos de quitosana e nanoquitosana para cicatriza\u00e7\u00e3o de feridas de pele CEUA\/Palotina 02\/2021, 06\/04\/2021.<\/p>\n\n\n\n<p><strong>3<\/strong>. Efeito cicatrizante de gel de nanoquitosana e \u00f3leos essenciais de Baccharis dracunculifolia, Lavandula angustifolia e Melaleuca alternifolia em feridas de pele. CEUA\/Palotina 20\/2021.<\/p>\n\n\n\n<p><strong>4<\/strong>. Curativos biol\u00f3gicos de nanoquitosana e poliacetato de vinila (PVA) para a recupera\u00e7\u00e3o de feridas de pele em modelo animal. CEUA\/BIO 1465, 21\/06\/2022.<\/p>\n\n\n\n<p><strong>5<\/strong>. Avalia\u00e7\u00e3o do efeito analg\u00e9sico e antinociceptivo da fra\u00e7\u00e3o de flavonoides das cascas e folhas de Lafoensia pacari em modelo de colite experimental em camundongos. CEUA\/BIO 1473 16\/08\/2022.<\/p>\n\n\n\n<p><strong>6<\/strong>. Efeito cicatrizante de membranas eletrofiadas de nanoquitosana, nanocelulose e tanino em feridas de pele avaliado em modelo animal. CEUA\/BIO 1482 20\/07\/2022.<\/p>\n\n\n\n<p><strong>7<\/strong>. Padroniza\u00e7\u00e3o de les\u00f5es cut\u00e2neas incisas com diferentes di\u00e2metros em modelo animal. CEUA\/BIO 1498 13\/12\/2022.<\/p>\n\n\n\n<p><strong>8<\/strong>. Programa\u00e7\u00e3o fetal por estresse gestacional em ratas: avalia\u00e7\u00e3o dos efeitos ben\u00e9ficos do exerc\u00edcio f\u00edsico sobre par\u00e2metros de ansiedade, cogni\u00e7\u00e3o e neuroplasticidade. CEUA\/BIO 1545 14\/02\/2023.<\/p>\n\n\n\n<p><strong>9<\/strong>. Investiga\u00e7\u00e3o da influ\u00eancia do extrato ceto-alco\u00f3lico de Leonurus sibiricus L. na sintomatologia da doen\u00e7a inflamat\u00f3ria intestinal e sua interfer\u00eancia no comportamento em ensaio. pr\u00e9-cl\u00ednico. CEUA\/BIO 1523 16\/05\/2023.<\/p>\n\n\n\n<p><strong>10<\/strong>. Avalia\u00e7\u00e3o do efeito anti-inflamat\u00f3rio e antinociceptivo do extrato de buti\u00e1 em modelos animais. CEUA\/BIO 1531 13\/06\/2023.<\/p>\n\n\n\n<p><strong>11<\/strong>. An\u00e1lise da influ\u00eancia de um dispositivo semelhante aos cigarros eletr\u00f4nicos na indu\u00e7\u00e3o de les\u00f5es pulmonares e de transtorno do tipo ansioso de maneira tempo-dependente em animais. CEUA\/BIO 1586 12\/03\/2024.<\/p>\n\n\n\n<p><strong>12<\/strong>. Investiga\u00e7\u00e3o da influ\u00eancia do extrato ceto-alco\u00f3lico de Leonurus sibiricus L. na sintomatologia da doen\u00e7a inflamat\u00f3ria intestinal e sua interfer\u00eancia no comportamento em ensaio. pr\u00e9-cl\u00ednico. CEUA\/BIO 1523 16\/05\/2023.<\/p>\n\n\n\n<p><strong>13<\/strong>. Avalia\u00e7\u00e3o do efeito anti-inflamat\u00f3rio e antinociceptivo do extrato de buti\u00e1 em modelos animais. CEUA\/BIO 1531 13\/06\/2023.<\/p>\n\n\n\n<p><strong>14<\/strong>. Avalia\u00e7\u00e3o da associa\u00e7\u00e3o de propofol e cetamina em camundongos swiss. CEUA\/BIO 1605 14\/05\/2024.<\/p>\n\n\n\n<p><strong>15<\/strong>. Avalia\u00e7\u00e3o do estresse cr\u00f4nico variado gestacional e do uso da prednisolona na inf\u00e2ncia na indu\u00e7\u00e3o do transtorno depressivo na prole em modelo animal. CEUA\/BIO 1609 14\/05\/2024.<\/p>\n\n\n\n<p><strong>16<\/strong>. Avalia\u00e7\u00e3o do potencial anti-inflamat\u00f3rio, antinociceptivo e cicatrizante do extrato e de hidrog\u00e9is de base nanotecnol\u00f3gica de ilex paraguariensis em modelo animal. CEUA\/BIO 1625 13\/08\/2024.<\/p>\n\n\n\n<p><strong>17<\/strong>. Estudo da a\u00e7\u00e3o anti-inflamat\u00f3ria e regenerativa de concentrados plaquet\u00e1rios e de vidro borofosfato de pot\u00e1ssio em modelo de monoartrite induzida em ratos. CEUA\/BIO 1629 15\/10\/2024.<\/p>\n\n\n\n<p><strong>18<\/strong>. Administra\u00e7\u00e3o gestacional de paracetamol em ratas wistar: avalia\u00e7\u00e3o de par\u00e2metros comportamentais como indutor tipo-autista e poss\u00edveis comorbidades nos filhotes. CEUA\/BIO 1634 12\/11\/2024.<\/p>\n\n\n\n<p><strong>19<\/strong>. Produ\u00e7\u00e3o, caracteriza\u00e7\u00e3o e avalia\u00e7\u00e3o do potencial de membranas de nanoquitosana associada a \u00e1cido hialur\u00f4nico, curcumina e col\u00e1geno para cicatriza\u00e7\u00e3o de feridas de pele avaliado em modelo animal. CEUA\/BIO 1646 10\/12\/2024.<\/p>\n\n\n\n<p><strong>20<\/strong>. Avalia\u00e7\u00e3o do efeito anti-inflamat\u00f3rio e antinociceptivo do extrato de Casearia sylvestris em modelo animal. CEUA\/BIO 1640 10\/12\/2024.<\/p>\n\n\n\n<p><strong>21<\/strong>. Avalia\u00e7\u00e3o do efeito anti-inflamat\u00f3rio do extrato aquoso de Casearia sylvestris em modelos animais de doen\u00e7a inflamat\u00f3ria intestinal. CEUA\/BIO 1642 10\/12\/2024.<\/p>\n\n\n\n<p><strong>22<\/strong>. Avalia\u00e7\u00e3o do efeito cicatrizante de membranas eletrofiadas de nanoquitosana, ibuprofeno, pectina de pr\u00f3polis e \u00e1cido hialur\u00f4nico em feridas de pele avaliado em modelo animal. CEUA\/BIO 1666 13\/05\/2025.<\/p>\n\n\n\n<p><strong>23<\/strong>. Avalia\u00e7\u00e3o do efeito cicatrizante de membranas eletrofidadas de nanoquitosana, ibuprofeno, \u00e1cido hialur\u00f4nico e col\u00e1geno em feridas de pele em ratos wistar com diabetes mellitus induzida. CEUA\/BIO 1673 10\/06\/2025.<\/p>\n\n\n\n<p><strong>24.<\/strong>\u00a0Efeitos bioqu\u00edmicos, morfol\u00f3gicos, epigen\u00e9ticos e comportamentais da suplementa\u00e7\u00e3o em diferentes doses com \u00e1cido f\u00f3lico durante a gesta\u00e7\u00e3o em ratas\u00a0wistar\u00a0e na sua prole. CEUA\/TL 01\/2025 18\/07\/2025.\u00a0<\/p>\n\n\n\n<p><strong>25.<\/strong> Revestimentos antibacterianos de quitosana para dispositivos m\u00e9dicos. CEUA\/TL 02\/2025\u00a019\/09\/2025.\u00a0<\/p>\n\n\n\n<p><strong>26.<\/strong> Influ\u00eancia do exerc\u00edcio f\u00edsico aer\u00f3bico e anaer\u00f3bico em animais submetidos a exposi\u00e7\u00e3o a dispositivos eletr\u00f4nicos para fumar. CEUA\/TL 03\/2025\u00a019\/09\/2025.\u00a0<\/p>\n\n\n\n<p><\/p>\n","protected":false},"excerpt":{"rendered":"<p>1. Estudo do potencial anti-inflamat\u00f3rio e da cicatriza\u00e7\u00e3o do extrato aquoso de Leonurus sibiricus L. [&hellip;]<\/p>\n","protected":false},"author":2796,"featured_media":0,"parent":0,"menu_order":0,"comment_status":"closed","ping_status":"closed","template":"","meta":{"ngg_post_thumbnail":0,"footnotes":""},"class_list":["post-50","page","type-page","status-publish","hentry"],"_links":{"self":[{"href":"https:\/\/toledo.ufpr.br\/bioteriotoledo\/wp-json\/wp\/v2\/pages\/50","targetHints":{"allow":["GET"]}}],"collection":[{"href":"https:\/\/toledo.ufpr.br\/bioteriotoledo\/wp-json\/wp\/v2\/pages"}],"about":[{"href":"https:\/\/toledo.ufpr.br\/bioteriotoledo\/wp-json\/wp\/v2\/types\/page"}],"author":[{"embeddable":true,"href":"https:\/\/toledo.ufpr.br\/bioteriotoledo\/wp-json\/wp\/v2\/users\/2796"}],"replies":[{"embeddable":true,"href":"https:\/\/toledo.ufpr.br\/bioteriotoledo\/wp-json\/wp\/v2\/comments?post=50"}],"version-history":[{"count":2,"href":"https:\/\/toledo.ufpr.br\/bioteriotoledo\/wp-json\/wp\/v2\/pages\/50\/revisions"}],"predecessor-version":[{"id":182,"href":"https:\/\/toledo.ufpr.br\/bioteriotoledo\/wp-json\/wp\/v2\/pages\/50\/revisions\/182"}],"wp:attachment":[{"href":"https:\/\/toledo.ufpr.br\/bioteriotoledo\/wp-json\/wp\/v2\/media?parent=50"}],"curies":[{"name":"wp","href":"https:\/\/api.w.org\/{rel}","templated":true}]}}