{"id":41,"date":"2025-06-18T15:23:37","date_gmt":"2025-06-18T18:23:37","guid":{"rendered":"https:\/\/toledo.ufpr.br\/bioteriotoledo\/?page_id=41"},"modified":"2026-01-29T14:08:54","modified_gmt":"2026-01-29T17:08:54","slug":"legislacao","status":"publish","type":"page","link":"https:\/\/toledo.ufpr.br\/bioteriotoledo\/legislacao\/","title":{"rendered":"Legisla\u00e7\u00e3o"},"content":{"rendered":"\n<p>As atividades do Biot\u00e9rio do Campus Toledo s\u00e3o norteadas pelas leis, decretos, resolu\u00e7\u00f5es normativas e orienta\u00e7\u00f5es t\u00e9cnicas estabelecidas pelo CONCEA\/MCTI (Conselho Nacional de Controle de Experimenta\u00e7\u00e3o Animal).<\/p>\n\n\n\n<p>Para garantir o acesso a informa\u00e7\u00f5es sempre atualizadas, a consulta da legisla\u00e7\u00e3o deve ser realizada diretamente no portal oficial: <strong><a href=\"https:\/\/www.gov.br\/mcti\/pt-br\/composicao\/conselhos\/concea\/paginas\/publicacoes-legislacao-e-guia\/legislacao-do-concea\" data-type=\"link\" data-id=\"https:\/\/www.gov.br\/mcti\/pt-br\/composicao\/conselhos\/concea\/paginas\/publicacoes-legislacao-e-guia\/legislacao-do-concea\" target=\"_blank\" rel=\"noreferrer noopener\">Acesse aqui a Legisla\u00e7\u00e3o do CONCEA\/MCTI<\/a><\/strong>.<\/p>\n","protected":false},"excerpt":{"rendered":"<p>As atividades do Biot\u00e9rio do Campus Toledo s\u00e3o norteadas pelas leis, decretos, resolu\u00e7\u00f5es normativas e [&hellip;]<\/p>\n","protected":false},"author":2796,"featured_media":0,"parent":0,"menu_order":0,"comment_status":"closed","ping_status":"closed","template":"","meta":{"ngg_post_thumbnail":0,"footnotes":""},"class_list":["post-41","page","type-page","status-publish","hentry"],"_links":{"self":[{"href":"https:\/\/toledo.ufpr.br\/bioteriotoledo\/wp-json\/wp\/v2\/pages\/41","targetHints":{"allow":["GET"]}}],"collection":[{"href":"https:\/\/toledo.ufpr.br\/bioteriotoledo\/wp-json\/wp\/v2\/pages"}],"about":[{"href":"https:\/\/toledo.ufpr.br\/bioteriotoledo\/wp-json\/wp\/v2\/types\/page"}],"author":[{"embeddable":true,"href":"https:\/\/toledo.ufpr.br\/bioteriotoledo\/wp-json\/wp\/v2\/users\/2796"}],"replies":[{"embeddable":true,"href":"https:\/\/toledo.ufpr.br\/bioteriotoledo\/wp-json\/wp\/v2\/comments?post=41"}],"version-history":[{"count":2,"href":"https:\/\/toledo.ufpr.br\/bioteriotoledo\/wp-json\/wp\/v2\/pages\/41\/revisions"}],"predecessor-version":[{"id":153,"href":"https:\/\/toledo.ufpr.br\/bioteriotoledo\/wp-json\/wp\/v2\/pages\/41\/revisions\/153"}],"wp:attachment":[{"href":"https:\/\/toledo.ufpr.br\/bioteriotoledo\/wp-json\/wp\/v2\/media?parent=41"}],"curies":[{"name":"wp","href":"https:\/\/api.w.org\/{rel}","templated":true}]}}