{"id":26,"date":"2025-06-18T15:00:54","date_gmt":"2025-06-18T18:00:54","guid":{"rendered":"https:\/\/toledo.ufpr.br\/bioteriotoledo\/?page_id=26"},"modified":"2025-06-18T15:21:13","modified_gmt":"2025-06-18T18:21:13","slug":"equipe","status":"publish","type":"page","link":"https:\/\/toledo.ufpr.br\/bioteriotoledo\/equipe\/","title":{"rendered":"Equipe"},"content":{"rendered":"\n<p><strong>Equipe T\u00e9cnica \u2013 Produ\u00e7\u00e3o &amp; Experimenta\u00e7\u00e3o:<\/strong><\/p>\n\n\n\n<p>Rafael Messias Luiz \u2013 M\u00e9dico Veterin\u00e1rio RT (CRMV-PR 8815)<br>Lucas Horn Cordeiro &#8211; T\u00e9cnico de Laborat\u00f3rio &#8211; Biologia<\/p>\n\n\n\n<p><\/p>\n\n\n\n<p><strong>Equipe Administrativa:<\/strong><\/p>\n\n\n\n<p>Coordenadora do biot\u00e9rio: Prof\u00aa.Dra. Ana Carla Zarpelon Schutz<br>Diretora: Prof\u00aa Dra. Ana Paula Carneiro Brandalize<\/p>\n","protected":false},"excerpt":{"rendered":"<p>Equipe T\u00e9cnica \u2013 Produ\u00e7\u00e3o &amp; Experimenta\u00e7\u00e3o: Rafael Messias Luiz \u2013 M\u00e9dico Veterin\u00e1rio RT (CRMV-PR 8815)Lucas [&hellip;]<\/p>\n","protected":false},"author":2796,"featured_media":0,"parent":0,"menu_order":0,"comment_status":"closed","ping_status":"closed","template":"","meta":{"ngg_post_thumbnail":0,"footnotes":""},"class_list":["post-26","page","type-page","status-publish","hentry"],"_links":{"self":[{"href":"https:\/\/toledo.ufpr.br\/bioteriotoledo\/wp-json\/wp\/v2\/pages\/26","targetHints":{"allow":["GET"]}}],"collection":[{"href":"https:\/\/toledo.ufpr.br\/bioteriotoledo\/wp-json\/wp\/v2\/pages"}],"about":[{"href":"https:\/\/toledo.ufpr.br\/bioteriotoledo\/wp-json\/wp\/v2\/types\/page"}],"author":[{"embeddable":true,"href":"https:\/\/toledo.ufpr.br\/bioteriotoledo\/wp-json\/wp\/v2\/users\/2796"}],"replies":[{"embeddable":true,"href":"https:\/\/toledo.ufpr.br\/bioteriotoledo\/wp-json\/wp\/v2\/comments?post=26"}],"version-history":[{"count":2,"href":"https:\/\/toledo.ufpr.br\/bioteriotoledo\/wp-json\/wp\/v2\/pages\/26\/revisions"}],"predecessor-version":[{"id":36,"href":"https:\/\/toledo.ufpr.br\/bioteriotoledo\/wp-json\/wp\/v2\/pages\/26\/revisions\/36"}],"wp:attachment":[{"href":"https:\/\/toledo.ufpr.br\/bioteriotoledo\/wp-json\/wp\/v2\/media?parent=26"}],"curies":[{"name":"wp","href":"https:\/\/api.w.org\/{rel}","templated":true}]}}